{"id":461,"date":"2023-06-08T09:43:43","date_gmt":"2023-06-08T09:43:43","guid":{"rendered":"https:\/\/centralchiropracticclinic.es\/contact-us\/"},"modified":"2023-09-21T10:26:16","modified_gmt":"2023-09-21T10:26:16","slug":"contact-us","status":"publish","type":"page","link":"https:\/\/centralchiropracticclinic.es\/es\/contact-us\/","title":{"rendered":"Contact Us"},"content":{"rendered":"<h2>contact us<\/h2>\n<p>Get in touch with us today<\/p>\n<p><strong><span data-attr-id=\"2\" data-attr-multiline=\"0\" data-extra_key=\"1\" data-option-inline=\"1\" data-shortcode=\"thrive_global_fields\" data-shortcode-name=\"[Company] Address\">Central Chiropractic Clinic<\/span><\/strong><\/p>\n<p><span data-attr-id=\"3\" data-extra_key=\"1\" data-option-inline=\"1\" data-shortcode=\"thrive_global_fields\" data-shortcode-name=\"[Company] Phone number\">Calle C\u00f3rdoba 1, Estepona, M\u00e1laga, 29680, Espa\u00f1a<\/span><\/p>\n<p style=\"\">647 101 394<\/p>\n<p><span><a href=\"https:\/\/wa.me\/34647101394\" target=\"_blank\" rel=\"noopener\"><img decoding=\"async\" alt=\"\" data-id=\"267\" width=\"192\" data-init-width=\"414\" height=\"96\" data-init-height=\"96\" title=\"WhatsAppButtonGreenLarge\" loading=\"lazy\" src=\"https:\/\/centralchiropracticclinic.es\/wp-content\/uploads\/2023\/06\/WhatsAppButtonGreenLarge.png\" data-width=\"192\" style=\"aspect-ratio: auto 414 \/ 96;\" data-link-wrap=\"true\"><\/a><\/span><\/p>\n","protected":false},"excerpt":{"rendered":"<p>contact us Get in touch with us today Central Chiropractic Clinic Calle C\u00f3rdoba 1, Estepona, M\u00e1laga, 29680, Espa\u00f1a 647 101 394<\/p>\n","protected":false},"author":2,"featured_media":0,"parent":0,"menu_order":0,"comment_status":"closed","ping_status":"closed","template":"","meta":{"footnotes":""},"class_list":["post-461","page","type-page","status-publish","hentry","post-wrapper","thrv_wrapper"],"_links":{"self":[{"href":"https:\/\/centralchiropracticclinic.es\/es\/wp-json\/wp\/v2\/pages\/461","targetHints":{"allow":["GET"]}}],"collection":[{"href":"https:\/\/centralchiropracticclinic.es\/es\/wp-json\/wp\/v2\/pages"}],"about":[{"href":"https:\/\/centralchiropracticclinic.es\/es\/wp-json\/wp\/v2\/types\/page"}],"author":[{"embeddable":true,"href":"https:\/\/centralchiropracticclinic.es\/es\/wp-json\/wp\/v2\/users\/2"}],"replies":[{"embeddable":true,"href":"https:\/\/centralchiropracticclinic.es\/es\/wp-json\/wp\/v2\/comments?post=461"}],"version-history":[{"count":36,"href":"https:\/\/centralchiropracticclinic.es\/es\/wp-json\/wp\/v2\/pages\/461\/revisions"}],"predecessor-version":[{"id":826,"href":"https:\/\/centralchiropracticclinic.es\/es\/wp-json\/wp\/v2\/pages\/461\/revisions\/826"}],"wp:attachment":[{"href":"https:\/\/centralchiropracticclinic.es\/es\/wp-json\/wp\/v2\/media?parent=461"}],"curies":[{"name":"wp","href":"https:\/\/api.w.org\/{rel}","templated":true}]}}