{"id":458,"date":"2023-05-30T09:30:39","date_gmt":"2023-05-30T09:30:39","guid":{"rendered":"https:\/\/centralchiropracticclinic.es\/chiropractic\/"},"modified":"2023-12-04T12:06:16","modified_gmt":"2023-12-04T12:06:16","slug":"la-quiropractica","status":"publish","type":"page","link":"https:\/\/centralchiropracticclinic.es\/es\/la-quiropractica\/","title":{"rendered":"La Quiropr\u00e1ctica"},"content":{"rendered":"<h1 style=\"\">\u00bfQu\u00e9 es la Quiropr\u00e1ctica?<\/h1>\n<p style=\"\"><span style=\"font-size: 18px; text-transform: capitalize; color: var(--tcb-skin-color-5);\">La Quiropr\u00e1ctica <\/span><span style=\"font-size: 18px; color: var(--tcb-skin-color-5); text-transform: lowercase !important;\">es una disciplina del cuidado de la salud que enfatiza el poder de recuperaci\u00f3n que posee el cuerpo para sanarse sin el uso de medicamentos o cirug\u00eda.<\/span><\/p>\n<p style=\"\"><span style=\"font-size: 18px; text-transform: capitalize; color: var(--tcb-skin-color-5);\">La Quiropr\u00e1ctica&nbsp;<\/span><span style=\"font-size: 18px; color: var(--tcb-skin-color-5); text-transform: lowercase !important;\">es una ciencia, un arte y una filosof\u00eda dedicada a cuidar del eje de nuestro cuerpo, la columna vertebral, y el sistema nervioso protegido por ella.<\/span><\/p>\n<p style=\"\"><span style=\"font-size: 18px; text-transform: capitalize; color: var(--tcb-skin-color-5);\">La <\/span><span style=\"font-size: 18px; color: var(--tcb-skin-color-5); text-transform: lowercase !important;\">profesi\u00f3n empez\u00f3 en 1895 en <\/span><span style=\"font-size: 18px; color: var(--tcb-skin-color-5); text-transform: capitalize !important;\">Davenport (Iowa,<\/span><span style=\"font-size: 18px; color: var(--tcb-skin-color-5); text-transform: lowercase !important;\"> <\/span><span style=\"font-size: 18px; color: var(--tcb-skin-color-5); text-transform: uppercase !important;\">EE. UU<\/span><span style=\"font-size: 18px; color: var(--tcb-skin-color-5); text-transform: lowercase !important;\">.) cuando <\/span><span style=\"font-size: 18px; color: var(--tcb-skin-color-5); text-transform: capitalize !important;\">Daniel David Palmer<\/span><span style=\"font-size: 18px; color: var(--tcb-skin-color-5); text-transform: lowercase !important;\"> realiz\u00f3 el primer ajuste de la columna vertebral. <\/span><span style=\"font-size: 18px; color: var(--tcb-skin-color-5); text-transform: capitalize !important;\">Uno <\/span><span style=\"font-size: 18px; color: var(--tcb-skin-color-5); text-transform: lowercase !important;\">de los empleados de limpieza del edificio donde trabajaba, un hombre que hab\u00eda padecido de sordera y dolor de espalda durante 17 a\u00f1os ten\u00eda un bulto en las cervicales. <\/span><span style=\"font-size: 18px; color: var(--tcb-skin-color-5); text-transform: capitalize !important;\">El doctor Palmer<\/span><span style=\"font-size: 18px; color: var(--tcb-skin-color-5); text-transform: lowercase !important;\"> presion\u00f3 el bulto y este empleado recuper\u00f3 el o\u00eddo al instante. <\/span><span style=\"font-size: 18px; color: var(--tcb-skin-color-5); text-transform: capitalize !important;\">Fue <\/span><span style=\"font-size: 18px; color: var(--tcb-skin-color-5); text-transform: lowercase !important;\">un ejemplo claro de la relaci\u00f3n que existe entre el sistema nervioso y la columna vertebral.<\/span><\/p>\n<p style=\"\"><span style=\"font-size: 18px; color: var(--tcb-skin-color-5); text-transform: capitalize !important;\">Hoy <\/span><span style=\"font-size: 18px; color: var(--tcb-skin-color-5); text-transform: lowercase !important;\">en d\u00eda La Quiropr\u00e1ctica es una de las profesiones de salud natural m\u00e1s usada en todo el mundo. <\/span><span style=\"font-size: 18px; color: var(--tcb-skin-color-5); text-transform: capitalize !important;\">En <\/span><span style=\"font-size: 18px; color: var(--tcb-skin-color-5); text-transform: lowercase !important;\">universidades de <\/span><span style=\"font-size: 18px; color: var(--tcb-skin-color-5); text-transform: capitalize !important;\">Estados Unidos, Canad\u00e1, Reino Unido, Francia, Dinamarca, Jap\u00f3n, Australia, Nueva Zelanda, M\u00e9xico<\/span><span style=\"font-size: 18px; color: var(--tcb-skin-color-5); text-transform: lowercase !important;\">, y <\/span><span style=\"font-size: 18px; color: var(--tcb-skin-color-5); text-transform: capitalize !important;\">Brasil<\/span><span style=\"font-size: 18px; color: var(--tcb-skin-color-5); text-transform: lowercase !important;\"> es una licenciatura que supone siete a\u00f1os de carrera y un a\u00f1o de internado cl\u00ednico bajo supervisi\u00f3n de otro <\/span><span style=\"font-size: 18px; color: var(--tcb-skin-color-5); text-transform: capitalize !important;\">quiropr\u00e1ctico <\/span><span style=\"font-size: 18px; color: var(--tcb-skin-color-5); text-transform: lowercase !important;\">experimentado.<\/span><\/p>\n<h1>\u00bfQu\u00e9 es un<span>a <span style=\"text-transform: capitalize !important;\">subluxaci\u00f3n<\/span>?<\/span><\/h1>\n<p style=\"\"><span style=\"text-transform: capitalize;\">Debido<\/span><span style=\"text-transform: lowercase !important;\">&nbsp;a <strong>estr\u00e9s f\u00edsico<\/strong> (malas posturas, movimientos repetitivos, ca\u00eddas, accidentes de coche), <strong>agentes qu\u00edmicos<\/strong> (humo, contaminaci\u00f3n, polvo), o <strong>alteraciones emocionales<\/strong> (problemas en la pareja, en el trabajo, etc.), una v\u00e9rtebra puede desplazarse y presionar al nervio que pasa por ella.&nbsp;<\/span><span style=\"text-transform: capitalize !important;\">Esto <\/span><span style=\"text-transform: lowercase !important;\">se llama una subluxaci\u00f3n y crea una interferencia en la comunicaci\u00f3n entre el cerebro y el resto del cuerpo.<\/span><\/p>\n<p style=\"\"><span style=\"text-transform: capitalize !important;\">El <\/span><span style=\"text-transform: lowercase !important;\">sistema nervioso manda y recibe constantemente miles de informaciones y \u00f3rdenes entre el cerebro y el resto del cuerpo. <\/span><span style=\"text-transform: capitalize !important;\">Aproximadamente<\/span><span style=\"text-transform: lowercase !important;\">&nbsp;un 10% de los nervios que salen de la columna vertebral se relaciona con dolor y movimiento.&nbsp;<\/span><span style=\"text-transform: capitalize !important;\">El <\/span><span style=\"text-transform: lowercase !important;\">otro 90% se dirige a los \u00f3rganos vitales para su funcionamiento (es decir el coraz\u00f3n, los pulmones, el est\u00f3mago, etc.).<\/span><\/p>\n<h1>\u00bfQu\u00e9 es un Ajuste<span>?<\/span><\/h1>\n<p style=\"\"><span style=\"text-transform: capitalize;\">El <\/span><span style=\"text-transform: lowercase !important;\">trabajo de un <\/span><span style=\"text-transform: capitalize !important;\">Doctor <\/span><span style=\"text-transform: lowercase !important;\">en <\/span><span style=\"text-transform: capitalize !important;\">Quiropr\u00e1ctica <\/span><span style=\"text-transform: lowercase !important;\">consiste en localizar, reducir, y corregir subluxaciones mediante un ajuste Quiropr\u00e1ctico para as\u00ed devolver al sistema nervioso su funcionamiento normal.&nbsp;<\/span><span style=\"text-transform: capitalize !important;\">Al <\/span><span style=\"text-transform: lowercase !important;\">corregir las subluxaciones, el cuerpo recupera su habilidad innata de curarse.<\/span><\/p>\n<p style=\"\"><span style=\"text-transform: capitalize !important;\">El <\/span><span style=\"text-transform: lowercase !important;\">ajuste manual aplicado por un <\/span><span style=\"text-transform: capitalize !important;\">Quiropr\u00e1ctico<\/span><span style=\"text-transform: lowercase !important;\"> es suave, espec\u00edfico y requiere una fuerza precisa en aquellas v\u00e9rtebras que se encuentran subluxadas dependiendo de la edad y de las condiciones f\u00edsicas de cada persona. <\/span><span style=\"text-transform: capitalize !important;\">Se<\/span><span style=\"text-transform: lowercase !important;\"> hace con la persona recostada en una camilla de dise\u00f1o especial y solo despu\u00e9s de haber hecho un reconocimiento completo de la columna vertebral.<\/span><\/p>\n<h1 style=\"\"><span>\u00bfQui\u00e9n <span style=\"text-transform: lowercase !important;\">se beneficia<\/span><span style=\"text-transform: capitalize !important;\">&nbsp;<\/span>de la <span style=\"text-transform: capitalize !important;\">quiropr\u00e1ctica<\/span><\/span><span>?<\/span><\/h1>\n<p style=\"\"><span style=\"text-transform: capitalize !important;\">La quiropr\u00e1ctica<\/span> est\u00e1 dirigida a familias que desean cuidarse de una manera natural para mejorar la recuperaci\u00f3n y optimizar la salud en general. <span style=\"text-transform: capitalize !important;\">Personas <\/span>de todas las edades, desde reci\u00e9n nacidos hasta ancianos, pueden beneficiarse de la atenci\u00f3n <span style=\"text-transform: capitalize !important;\">quiropr\u00e1ctica<\/span>, independientemente de su estado f\u00edsico o mental.<\/p>\n<p style=\"\"><span style=\"text-transform: capitalize;\">La&nbsp;<span>Quiropr\u00e1ctica<\/span> <\/span><span style=\"text-transform: lowercase !important;\">ha ayudado con una variedad de condiciones: <strong>problemas musculoesquel\u00e9ticos<\/strong>, incluyendo dolor lumbar, hernias discales, migra\u00f1as, mareos, escoliosis, y malestar debido al embarazo; <strong>problemas relacionados con \u00f3rganos<\/strong>, incluyendo asma, psoriasis, problemas digestivos, enuresis y c\u00f3licos; y <strong>problemas emocionales<\/strong>, incluyendo ansiedad, depresi\u00f3n, estr\u00e9s, hiperactividad, y atenci\u00f3n deficitaria.<\/span><\/p>\n<p style=\"\"><span style=\"text-transform: capitalize !important;\">Un Doctor<\/span><span style=\"text-transform: lowercase !important;\"> en <\/span><span style=\"text-transform: capitalize !important;\">Quiropr\u00e1ctica <\/span><span style=\"text-transform: lowercase !important;\">no trata directamente Las condiciones antes mencionadas pero al corregir las subluxaciones a trav\u00e9s de ajustes manuales, se ha visto estas y muchas otras condiciones mejorarse gracias al mayor rendimiento del cuerpo. <\/span><span style=\"text-transform: capitalize !important;\">Tambi\u00e9n <\/span><span style=\"text-transform: lowercase !important;\">al estar libre de subluxaciones, uno suele sentir m\u00e1s energ\u00eda y vitalidad en el cuerpo.<\/span><\/p>\n<h1 style=\"\"><span>Evidencia <span style=\"text-transform: capitalize !important;\">cient\u00edfica<\/span><\/span><\/h1>\n<p style=\"\"><span style=\"text-transform: capitalize !important;\">la Asociaci\u00f3n Espa\u00f1ola<\/span> de <span style=\"text-transform: capitalize !important;\">Quiropr\u00e1ctica (<\/span><span style=\"text-transform: uppercase !important;\">aeq<\/span>) posee actualmente un Comit\u00e9 Cient\u00edfico encargado de recoger y actualizar la mejor evidencia cient\u00edfica sobre quiropr\u00e1ctica que va apareciendo en revistas acreditadas y especializadas de primer nivel. <span style=\"text-transform: capitalize !important;\">As\u00ed <\/span>mismo, se ha fundado la <span style=\"text-transform: capitalize !important;\">Red <\/span>de <span style=\"text-transform: capitalize !important;\">Investigaci\u00f3n Quiropr\u00e1ctica<\/span> (<span style=\"text-transform: uppercase !important;\">RIQ<\/span>) en colaboraci\u00f3n con la <span style=\"text-transform: capitalize !important;\">Fundaci\u00f3n Jim\u00e9nez D\u00edaz<\/span> y la <span style=\"text-transform: capitalize !important;\">Universidad Alcal\u00e1 <\/span><span style=\"text-transform: lowercase !important;\">de <\/span><span style=\"text-transform: capitalize !important;\">Henares<\/span> para generar investigaci\u00f3n cient\u00edfica quiropr\u00e1ctica de excelencia en <span style=\"text-transform: capitalize !important;\">Espa\u00f1a<\/span>. <span style=\"text-transform: capitalize !important;\">Fruto <\/span>de este trabajo, en septiembre de 2021 se present\u00f3 el <span style=\"text-transform: capitalize !important;\">Dosier <\/span><span style=\"text-transform: lowercase !important;\">de <\/span><span style=\"text-transform: capitalize !important;\">Evidencia Cient\u00edfica sobre Quiropr\u00e1ctica<\/span>.<\/p>\n<p><span><a href=\"https:\/\/centralchiropracticclinic.es\/wp-content\/uploads\/2023\/06\/evidencia-cientifica-en-quiropractica-septiembre-2021.pdf\" target=\"_blank\" rel=\"noopener\"><img decoding=\"async\" alt=\"\" data-id=\"134\" width=\"204\" data-init-width=\"400\" height=\"524\" data-init-height=\"524\" title=\"resumen-evidencia-cienti\u0301fica-en-quiropra\u0301ctica\" loading=\"lazy\" src=\"https:\/\/centralchiropracticclinic.es\/wp-content\/uploads\/2023\/06\/resumen-evidencia-cientifica-en-quiropractica.png\" data-width=\"204\" style=\"aspect-ratio: auto 400 \/ 524;\" data-link-wrap=\"true\"><\/a><\/span><\/p>\n","protected":false},"excerpt":{"rendered":"<p>\u00bfQu\u00e9 es la Quiropr\u00e1ctica? La Quiropr\u00e1ctica es una disciplina del cuidado de la salud que enfatiza el poder de recuperaci\u00f3n que posee el cuerpo para sanarse sin el uso de medicamentos o cirug\u00eda. La Quiropr\u00e1ctica&nbsp;es una ciencia, un arte y una filosof\u00eda dedicada a cuidar del eje de nuestro cuerpo, la columna vertebral, y el [&hellip;]<\/p>\n","protected":false},"author":3,"featured_media":0,"parent":0,"menu_order":0,"comment_status":"closed","ping_status":"closed","template":"","meta":{"footnotes":""},"class_list":["post-458","page","type-page","status-publish","hentry","post-wrapper","thrv_wrapper"],"_links":{"self":[{"href":"https:\/\/centralchiropracticclinic.es\/es\/wp-json\/wp\/v2\/pages\/458","targetHints":{"allow":["GET"]}}],"collection":[{"href":"https:\/\/centralchiropracticclinic.es\/es\/wp-json\/wp\/v2\/pages"}],"about":[{"href":"https:\/\/centralchiropracticclinic.es\/es\/wp-json\/wp\/v2\/types\/page"}],"author":[{"embeddable":true,"href":"https:\/\/centralchiropracticclinic.es\/es\/wp-json\/wp\/v2\/users\/3"}],"replies":[{"embeddable":true,"href":"https:\/\/centralchiropracticclinic.es\/es\/wp-json\/wp\/v2\/comments?post=458"}],"version-history":[{"count":44,"href":"https:\/\/centralchiropracticclinic.es\/es\/wp-json\/wp\/v2\/pages\/458\/revisions"}],"predecessor-version":[{"id":813,"href":"https:\/\/centralchiropracticclinic.es\/es\/wp-json\/wp\/v2\/pages\/458\/revisions\/813"}],"wp:attachment":[{"href":"https:\/\/centralchiropracticclinic.es\/es\/wp-json\/wp\/v2\/media?parent=458"}],"curies":[{"name":"wp","href":"https:\/\/api.w.org\/{rel}","templated":true}]}}