{"id":455,"date":"2023-05-30T08:21:22","date_gmt":"2023-05-30T08:21:22","guid":{"rendered":"https:\/\/centralchiropracticclinic.es\/about-us\/"},"modified":"2023-09-21T14:23:47","modified_gmt":"2023-09-21T14:23:47","slug":"sobre-nosotros","status":"publish","type":"page","link":"https:\/\/centralchiropracticclinic.es\/es\/sobre-nosotros\/","title":{"rendered":"Sobre Nosotros"},"content":{"rendered":"<h1 style=\"text-align: center;\">Sobre <span style=\"text-transform: capitalize !important;\">nosotros<\/span><\/h1>\n<p><span style=\"\"><img decoding=\"async\" alt=\"\" data-id=\"606\" width=\"200\" data-init-width=\"1000\" height=\"267\" data-init-height=\"1333\" title=\"MatthewNew\" loading=\"lazy\" src=\"https:\/\/centralchiropracticclinic.es\/wp-content\/uploads\/2023\/09\/MatthewNew.jpg\" data-width=\"200\" style=\"aspect-ratio: auto 1000 \/ 1333;\" mt-d=\"-8\" ml-d=\"0\" data-height=\"267\" center-v-d=\"false\"><\/span><\/p>\n<p style=\"\">Quiropr\u00e1ctico<\/p>\n<h5>Matthew Liebeskind<\/h5>\n<p><span style=\"\"><img decoding=\"async\" alt=\"\" data-id=\"264\" width=\"200\" data-init-width=\"1200\" height=\"267\" data-init-height=\"1257\" title=\"Jasmine\" loading=\"lazy\" src=\"https:\/\/centralchiropracticclinic.es\/wp-content\/uploads\/2023\/06\/Jasmine.jpg\" data-width=\"200\" style=\"aspect-ratio: auto 1200 \/ 1257;\" mt-d=\"-8\" ml-d=\"0\" data-height=\"267\" center-v-d=\"false\"><\/span><\/p>\n<p style=\"font-size: 13px !important;\">Quiropr\u00e1ctica<\/p>\n<h5 style=\"\">Jasmine Nguyen<\/h5>\n<p style=\"letter-spacing: 0px;\">En 2005, el Dr. Matthew obtuvo su t\u00edtulo de Doctor en Quiropr\u00e1ctica en los Estados Unidos, gradu\u00e1ndose Magna Cum Laude del Cleveland Chiropractic College. Mientras estudiaba all\u00ed, conoci\u00f3 y posteriormente se cas\u00f3 con su compa\u00f1era de estudios, la Dra. Jasmine, quien se gradu\u00f3 de la misma escuela poco despu\u00e9s, en 2007.Como pareja con m\u00e1s de 30 a\u00f1os de experiencia combinada en quiropr\u00e1ctica, han ayudado a miles de personas en toda Am\u00e9rica del Norte, Europa y Asia. Recientemente, se mudaron a Estepona para criar a su joven hijo en un entorno id\u00edlico y cosmopolita junto al mar, en un pa\u00eds que aman.Juntos, esperan ayudar a la comunidad local a maximizar su salud a trav\u00e9s de su pasi\u00f3n compartida por la quiropr\u00e1ctica, una profesi\u00f3n que los atrajo por su capacidad de ayudar a otros en cualquier rinc\u00f3n del mundo sin necesidad de medicamentos o cirug\u00eda.Los doctores Matthew y Jasmine son los miembros 1157 y 1210, respectivamente, de la Asociaci\u00f3n Espa\u00f1ola de Quiropr\u00e1ctica (AEQ).<\/p>\n<h1 style=\"text-align: center;\">Nuestra <span style=\"text-transform: capitalize !important;\">cl\u00ednica<\/span><\/h1>\n<p>Ubicada en el coraz\u00f3n de Estepona, frente a la Plaza Antonia Guerrero, nuestra cl\u00ednica se enfoca en ofrecer una atenci\u00f3n quiropr\u00e1ctica \u00f3ptima en un ambiente c\u00e1lido y acogedor.<span><img decoding=\"async\" alt=\"\" data-id=\"597\" width=\"2560\" height=\"1706\" title=\"_N2A54541\" src=\"https:\/\/centralchiropracticclinic.es\/wp-content\/uploads\/2023\/09\/N2A54541-1024x683.jpg\" data-src=\"https:\/\/centralchiropracticclinic.es\/wp-content\/uploads\/2023\/09\/N2A54541-1024x683.jpg\" loading=\"lazy\" data-sizes=\"{&quot;thumbnail&quot;:{&quot;height&quot;:150,&quot;width&quot;:150,&quot;url&quot;:&quot;https:\/\/centralchiropracticclinic.es\/wp-content\/uploads\/2023\/09\/N2A54541-150x150.jpg&quot;,&quot;orientation&quot;:&quot;landscape&quot;},&quot;medium&quot;:{&quot;height&quot;:200,&quot;width&quot;:300,&quot;url&quot;:&quot;https:\/\/centralchiropracticclinic.es\/wp-content\/uploads\/2023\/09\/N2A54541-300x200.jpg&quot;,&quot;orientation&quot;:&quot;landscape&quot;},&quot;large&quot;:{&quot;height&quot;:683,&quot;width&quot;:1024,&quot;url&quot;:&quot;https:\/\/centralchiropracticclinic.es\/wp-content\/uploads\/2023\/09\/N2A54541-1024x683.jpg&quot;,&quot;orientation&quot;:&quot;landscape&quot;},&quot;full&quot;:{&quot;url&quot;:&quot;https:\/\/centralchiropracticclinic.es\/wp-content\/uploads\/2023\/09\/N2A54541-scaled.jpg&quot;,&quot;height&quot;:1706,&quot;width&quot;:2560,&quot;orientation&quot;:&quot;landscape&quot;}}\"><\/span><span><img decoding=\"async\" alt=\"\" data-id=\"595\" width=\"2560\" height=\"1706\" title=\"_N2A54261\" src=\"https:\/\/centralchiropracticclinic.es\/wp-content\/uploads\/2023\/09\/N2A54261-1024x683.jpg\" data-src=\"https:\/\/centralchiropracticclinic.es\/wp-content\/uploads\/2023\/09\/N2A54261-1024x683.jpg\" loading=\"lazy\" data-sizes=\"{&quot;thumbnail&quot;:{&quot;height&quot;:150,&quot;width&quot;:150,&quot;url&quot;:&quot;https:\/\/centralchiropracticclinic.es\/wp-content\/uploads\/2023\/09\/N2A54261-150x150.jpg&quot;,&quot;orientation&quot;:&quot;landscape&quot;},&quot;medium&quot;:{&quot;height&quot;:200,&quot;width&quot;:300,&quot;url&quot;:&quot;https:\/\/centralchiropracticclinic.es\/wp-content\/uploads\/2023\/09\/N2A54261-300x200.jpg&quot;,&quot;orientation&quot;:&quot;landscape&quot;},&quot;large&quot;:{&quot;height&quot;:683,&quot;width&quot;:1024,&quot;url&quot;:&quot;https:\/\/centralchiropracticclinic.es\/wp-content\/uploads\/2023\/09\/N2A54261-1024x683.jpg&quot;,&quot;orientation&quot;:&quot;landscape&quot;},&quot;full&quot;:{&quot;url&quot;:&quot;https:\/\/centralchiropracticclinic.es\/wp-content\/uploads\/2023\/09\/N2A54261-scaled.jpg&quot;,&quot;height&quot;:1706,&quot;width&quot;:2560,&quot;orientation&quot;:&quot;landscape&quot;}}\"><\/span><span><img decoding=\"async\" alt=\"\" data-id=\"593\" width=\"2560\" height=\"1707\" title=\"_N2A54131\" src=\"https:\/\/centralchiropracticclinic.es\/wp-content\/uploads\/2023\/09\/N2A54131-1024x683.jpg\" data-src=\"https:\/\/centralchiropracticclinic.es\/wp-content\/uploads\/2023\/09\/N2A54131-1024x683.jpg\" loading=\"lazy\" data-sizes=\"{&quot;thumbnail&quot;:{&quot;height&quot;:150,&quot;width&quot;:150,&quot;url&quot;:&quot;https:\/\/centralchiropracticclinic.es\/wp-content\/uploads\/2023\/09\/N2A54131-150x150.jpg&quot;,&quot;orientation&quot;:&quot;landscape&quot;},&quot;medium&quot;:{&quot;height&quot;:200,&quot;width&quot;:300,&quot;url&quot;:&quot;https:\/\/centralchiropracticclinic.es\/wp-content\/uploads\/2023\/09\/N2A54131-300x200.jpg&quot;,&quot;orientation&quot;:&quot;landscape&quot;},&quot;large&quot;:{&quot;height&quot;:683,&quot;width&quot;:1024,&quot;url&quot;:&quot;https:\/\/centralchiropracticclinic.es\/wp-content\/uploads\/2023\/09\/N2A54131-1024x683.jpg&quot;,&quot;orientation&quot;:&quot;landscape&quot;},&quot;full&quot;:{&quot;url&quot;:&quot;https:\/\/centralchiropracticclinic.es\/wp-content\/uploads\/2023\/09\/N2A54131-scaled.jpg&quot;,&quot;height&quot;:1707,&quot;width&quot;:2560,&quot;orientation&quot;:&quot;landscape&quot;}}\"><\/span><span><img decoding=\"async\" alt=\"\" data-id=\"591\" width=\"2560\" height=\"1707\" title=\"_N2A54441\" src=\"https:\/\/centralchiropracticclinic.es\/wp-content\/uploads\/2023\/09\/N2A54441-1024x683.jpg\" data-src=\"https:\/\/centralchiropracticclinic.es\/wp-content\/uploads\/2023\/09\/N2A54441-1024x683.jpg\" loading=\"lazy\" data-sizes=\"{&quot;thumbnail&quot;:{&quot;height&quot;:150,&quot;width&quot;:150,&quot;url&quot;:&quot;https:\/\/centralchiropracticclinic.es\/wp-content\/uploads\/2023\/09\/N2A54441-150x150.jpg&quot;,&quot;orientation&quot;:&quot;landscape&quot;},&quot;medium&quot;:{&quot;height&quot;:200,&quot;width&quot;:300,&quot;url&quot;:&quot;https:\/\/centralchiropracticclinic.es\/wp-content\/uploads\/2023\/09\/N2A54441-300x200.jpg&quot;,&quot;orientation&quot;:&quot;landscape&quot;},&quot;large&quot;:{&quot;height&quot;:683,&quot;width&quot;:1024,&quot;url&quot;:&quot;https:\/\/centralchiropracticclinic.es\/wp-content\/uploads\/2023\/09\/N2A54441-1024x683.jpg&quot;,&quot;orientation&quot;:&quot;landscape&quot;},&quot;full&quot;:{&quot;url&quot;:&quot;https:\/\/centralchiropracticclinic.es\/wp-content\/uploads\/2023\/09\/N2A54441-scaled.jpg&quot;,&quot;height&quot;:1707,&quot;width&quot;:2560,&quot;orientation&quot;:&quot;landscape&quot;}}\"><\/span><span><img decoding=\"async\" alt=\"\" data-id=\"406\" width=\"1079\" height=\"1059\" title=\"spine2\" src=\"https:\/\/centralchiropracticclinic.es\/wp-content\/uploads\/2023\/06\/spine2-1024x1005.jpg\" data-src=\"https:\/\/centralchiropracticclinic.es\/wp-content\/uploads\/2023\/06\/spine2-1024x1005.jpg\" loading=\"lazy\" data-sizes=\"{&quot;thumbnail&quot;:{&quot;height&quot;:150,&quot;width&quot;:150,&quot;url&quot;:&quot;https:\/\/centralchiropracticclinic.es\/wp-content\/uploads\/2023\/06\/spine2-150x150.jpg&quot;,&quot;orientation&quot;:&quot;landscape&quot;},&quot;medium&quot;:{&quot;height&quot;:294,&quot;width&quot;:300,&quot;url&quot;:&quot;https:\/\/centralchiropracticclinic.es\/wp-content\/uploads\/2023\/06\/spine2-300x294.jpg&quot;,&quot;orientation&quot;:&quot;landscape&quot;},&quot;large&quot;:{&quot;height&quot;:1005,&quot;width&quot;:1024,&quot;url&quot;:&quot;https:\/\/centralchiropracticclinic.es\/wp-content\/uploads\/2023\/06\/spine2-1024x1005.jpg&quot;,&quot;orientation&quot;:&quot;landscape&quot;},&quot;full&quot;:{&quot;url&quot;:&quot;https:\/\/centralchiropracticclinic.es\/wp-content\/uploads\/2023\/06\/spine2.jpg&quot;,&quot;height&quot;:1059,&quot;width&quot;:1079,&quot;orientation&quot;:&quot;landscape&quot;}}\"><\/span><span><img decoding=\"async\" alt=\"\" data-id=\"405\" width=\"1512\" height=\"2016\" title=\"room2\" src=\"https:\/\/centralchiropracticclinic.es\/wp-content\/uploads\/2023\/06\/room2-768x1024.jpg\" data-src=\"https:\/\/centralchiropracticclinic.es\/wp-content\/uploads\/2023\/06\/room2-768x1024.jpg\" loading=\"lazy\" data-sizes=\"{&quot;thumbnail&quot;:{&quot;height&quot;:150,&quot;width&quot;:150,&quot;url&quot;:&quot;https:\/\/centralchiropracticclinic.es\/wp-content\/uploads\/2023\/06\/room2-150x150.jpg&quot;,&quot;orientation&quot;:&quot;landscape&quot;},&quot;medium&quot;:{&quot;height&quot;:300,&quot;width&quot;:225,&quot;url&quot;:&quot;https:\/\/centralchiropracticclinic.es\/wp-content\/uploads\/2023\/06\/room2-225x300.jpg&quot;,&quot;orientation&quot;:&quot;portrait&quot;},&quot;large&quot;:{&quot;height&quot;:1024,&quot;width&quot;:768,&quot;url&quot;:&quot;https:\/\/centralchiropracticclinic.es\/wp-content\/uploads\/2023\/06\/room2-768x1024.jpg&quot;,&quot;orientation&quot;:&quot;portrait&quot;},&quot;full&quot;:{&quot;url&quot;:&quot;https:\/\/centralchiropracticclinic.es\/wp-content\/uploads\/2023\/06\/room2.jpg&quot;,&quot;height&quot;:2016,&quot;width&quot;:1512,&quot;orientation&quot;:&quot;portrait&quot;}}\"><\/span><span><img decoding=\"async\" alt=\"\" data-id=\"599\" width=\"2560\" height=\"1707\" title=\"_N2A54701\" src=\"https:\/\/centralchiropracticclinic.es\/wp-content\/uploads\/2023\/09\/N2A54701-1024x683.jpg\" data-src=\"https:\/\/centralchiropracticclinic.es\/wp-content\/uploads\/2023\/09\/N2A54701-1024x683.jpg\" loading=\"lazy\" data-sizes=\"{&quot;thumbnail&quot;:{&quot;height&quot;:150,&quot;width&quot;:150,&quot;url&quot;:&quot;https:\/\/centralchiropracticclinic.es\/wp-content\/uploads\/2023\/09\/N2A54701-150x150.jpg&quot;,&quot;orientation&quot;:&quot;landscape&quot;},&quot;medium&quot;:{&quot;height&quot;:200,&quot;width&quot;:300,&quot;url&quot;:&quot;https:\/\/centralchiropracticclinic.es\/wp-content\/uploads\/2023\/09\/N2A54701-300x200.jpg&quot;,&quot;orientation&quot;:&quot;landscape&quot;},&quot;large&quot;:{&quot;height&quot;:683,&quot;width&quot;:1024,&quot;url&quot;:&quot;https:\/\/centralchiropracticclinic.es\/wp-content\/uploads\/2023\/09\/N2A54701-1024x683.jpg&quot;,&quot;orientation&quot;:&quot;landscape&quot;},&quot;full&quot;:{&quot;url&quot;:&quot;https:\/\/centralchiropracticclinic.es\/wp-content\/uploads\/2023\/09\/N2A54701-scaled.jpg&quot;,&quot;height&quot;:1707,&quot;width&quot;:2560,&quot;orientation&quot;:&quot;landscape&quot;}}\"><\/span><span><img decoding=\"async\" alt=\"\" data-id=\"402\" width=\"1512\" height=\"2016\" title=\"WhatsApp Image 2023-06-08 at 11.11.36\" src=\"https:\/\/centralchiropracticclinic.es\/wp-content\/uploads\/2023\/06\/WhatsApp-Image-2023-06-08-at-11.11.36-768x1024.jpeg\" data-src=\"https:\/\/centralchiropracticclinic.es\/wp-content\/uploads\/2023\/06\/WhatsApp-Image-2023-06-08-at-11.11.36-768x1024.jpeg\" loading=\"lazy\" data-sizes=\"{&quot;thumbnail&quot;:{&quot;height&quot;:150,&quot;width&quot;:150,&quot;url&quot;:&quot;https:\/\/centralchiropracticclinic.es\/wp-content\/uploads\/2023\/06\/WhatsApp-Image-2023-06-08-at-11.11.36-150x150.jpeg&quot;,&quot;orientation&quot;:&quot;landscape&quot;},&quot;medium&quot;:{&quot;height&quot;:300,&quot;width&quot;:225,&quot;url&quot;:&quot;https:\/\/centralchiropracticclinic.es\/wp-content\/uploads\/2023\/06\/WhatsApp-Image-2023-06-08-at-11.11.36-225x300.jpeg&quot;,&quot;orientation&quot;:&quot;portrait&quot;},&quot;large&quot;:{&quot;height&quot;:1024,&quot;width&quot;:768,&quot;url&quot;:&quot;https:\/\/centralchiropracticclinic.es\/wp-content\/uploads\/2023\/06\/WhatsApp-Image-2023-06-08-at-11.11.36-768x1024.jpeg&quot;,&quot;orientation&quot;:&quot;portrait&quot;},&quot;full&quot;:{&quot;url&quot;:&quot;https:\/\/centralchiropracticclinic.es\/wp-content\/uploads\/2023\/06\/WhatsApp-Image-2023-06-08-at-11.11.36.jpeg&quot;,&quot;height&quot;:2016,&quot;width&quot;:1512,&quot;orientation&quot;:&quot;portrait&quot;}}\"><\/span><\/p>\n","protected":false},"excerpt":{"rendered":"<p>Sobre nosotros Quiropr\u00e1ctico Matthew Liebeskind Quiropr\u00e1ctica Jasmine Nguyen En 2005, el Dr. Matthew obtuvo su t\u00edtulo de Doctor en Quiropr\u00e1ctica en los Estados Unidos, gradu\u00e1ndose Magna Cum Laude del Cleveland Chiropractic College. Mientras estudiaba all\u00ed, conoci\u00f3 y posteriormente se cas\u00f3 con su compa\u00f1era de estudios, la Dra. Jasmine, quien se gradu\u00f3 de la misma escuela [&hellip;]<\/p>\n","protected":false},"author":3,"featured_media":0,"parent":0,"menu_order":0,"comment_status":"closed","ping_status":"closed","template":"","meta":{"footnotes":""},"class_list":["post-455","page","type-page","status-publish","hentry","post-wrapper","thrv_wrapper"],"_links":{"self":[{"href":"https:\/\/centralchiropracticclinic.es\/es\/wp-json\/wp\/v2\/pages\/455","targetHints":{"allow":["GET"]}}],"collection":[{"href":"https:\/\/centralchiropracticclinic.es\/es\/wp-json\/wp\/v2\/pages"}],"about":[{"href":"https:\/\/centralchiropracticclinic.es\/es\/wp-json\/wp\/v2\/types\/page"}],"author":[{"embeddable":true,"href":"https:\/\/centralchiropracticclinic.es\/es\/wp-json\/wp\/v2\/users\/3"}],"replies":[{"embeddable":true,"href":"https:\/\/centralchiropracticclinic.es\/es\/wp-json\/wp\/v2\/comments?post=455"}],"version-history":[{"count":24,"href":"https:\/\/centralchiropracticclinic.es\/es\/wp-json\/wp\/v2\/pages\/455\/revisions"}],"predecessor-version":[{"id":751,"href":"https:\/\/centralchiropracticclinic.es\/es\/wp-json\/wp\/v2\/pages\/455\/revisions\/751"}],"wp:attachment":[{"href":"https:\/\/centralchiropracticclinic.es\/es\/wp-json\/wp\/v2\/media?parent=455"}],"curies":[{"name":"wp","href":"https:\/\/api.w.org\/{rel}","templated":true}]}}