{"id":444,"date":"2023-07-11T10:56:55","date_gmt":"2023-07-11T10:56:55","guid":{"rendered":"https:\/\/centralchiropracticclinic.es\/home\/"},"modified":"2023-11-30T12:55:01","modified_gmt":"2023-11-30T12:55:01","slug":"inicio","status":"publish","type":"page","link":"https:\/\/centralchiropracticclinic.es\/es\/","title":{"rendered":"Inicio"},"content":{"rendered":"<h1 style=\"\"><span style=\"\">Cl\u00ednica Quiropr\u00e1ctica en Estepona <\/span><\/h1>\n<p style=\"\">Bienvenido a nuestra cl\u00ednica quiropr\u00e1ctica en Estepona, donde nos dedicamos a brindar una atenci\u00f3n excepcional y promover una salud y un bienestar \u00f3ptimos.<\/p>\n<p style=\"\">\n<p style=\"\">Ubicada en el coraz\u00f3n de este hermosa ciudad costera, nuestra cl\u00ednica ofrece un ambiente acogedor y sereno para nuestros pacientes.<\/p>\n<h1 style=\"text-align: center;\">\u00bfQu\u00e9 es la Quiropr\u00e1ctica?<\/h1>\n<p><span>La quiropr\u00e1ctica es una disciplina de salud que enfatiza la capacidad del cuerpo para curarse a s\u00ed mismo sin el uso de medicamentos o cirug\u00eda.<\/span><\/p>\n<\/p>\n<p><span>La quiropr\u00e1ctica pone especial \u00e9nfasis en la relaci\u00f3n entre la estructura (principalmente la columna vertebral) y el funcionamiento del cuerpo (coordinado por el sistema nervioso), y c\u00f3mo esa relaci\u00f3n afecta el mantenimiento y la recuperaci\u00f3n de la salud.<\/span><\/p>\n<p><strong>La quiropr\u00e1ctica puede ayudar con<\/strong><\/p>\n<ul data-dashlane-rid=\"b0f4c6e1760409ba\" data-form-type=\"\">\n<li style=\"\"><span>Alivio del dolor<\/span><\/li>\n<li style=\"\"><span>Mejora de movilidad y el rango de movimiento<\/span><\/li>\n<li style=\"\"><span>Manejo de enfermedades cr\u00f3nicas<\/span><\/li>\n<li><span>Mejora de la postura<\/span><\/li>\n<li><span>Bienestar general y atenci\u00f3n preventiva<\/span><\/li>\n<\/ul>\n<h2 style=\"text-align: center;\">Sobre Nosotros<\/h2>\n<p style=\"text-align: center;\">En 2005, el Dr. Matthew obtuvo su t\u00edtulo de Doctor en Quiropr\u00e1ctica en los Estados Unidos, gradu\u00e1ndose Magna Cum Laude del Cleveland Chiropractic College. Mientras estudiaba all\u00ed, conoci\u00f3 y posteriormente se cas\u00f3 con su compa\u00f1era de estudios, la Dra. Jasmine, quien se gradu\u00f3 de la misma escuela poco despu\u00e9s, en 2007. &nbsp;<\/p>\n<p><span style=\"\"><img decoding=\"async\" alt=\"\" data-id=\"606\" width=\"350\" height=\"467\" title=\"MatthewNew\" src=\"https:\/\/centralchiropracticclinic.es\/wp-content\/uploads\/2023\/09\/MatthewNew.jpg\" style=\"margin-left: 0px; aspect-ratio: auto 1000 \/ 1333;\" mt-d=\"-22\" center-v-d=\"false\" mt-t=\"-43\" data-width=\"350\" data-height=\"467\" data-init-width=\"1000\" data-init-height=\"1333\" loading=\"lazy\"><\/span><\/p>\n<p>Dr Matthew LIEBESKIND<\/p>\n<p>Quiropr\u00e1ctico<\/p>\n<p><span style=\"\"><img decoding=\"async\" alt=\"\" data-id=\"264\" width=\"350\" height=\"467\" title=\"Jasmine\" src=\"https:\/\/centralchiropracticclinic.es\/wp-content\/uploads\/2023\/06\/Jasmine.jpg\" mt-t=\"-43\" style=\"margin-left: 0px; aspect-ratio: auto 1200 \/ 1257;\" mt-d=\"-22\" center-v-d=\"false\" data-width=\"350\" data-height=\"467\" data-init-width=\"1200\" data-init-height=\"1257\" loading=\"lazy\"><\/span><\/p>\n<p>DrA JASMINE NGUYEN<\/p>\n<p>Quiropr\u00e1ctica<\/p>\n<h2 style=\"text-align: center;\">\u00bfEst\u00e1s listo para sentirte mejor? Cont\u00e1ctanos hoy a trav\u00e9s de WhatsApp<\/h2>\n<p><span><a href=\"https:\/\/wa.me\/34647101394\" target=\"_blank\" rel=\"noopener\"><img decoding=\"async\" alt=\"\" data-id=\"267\" width=\"261\" data-init-width=\"414\" height=\"96\" data-init-height=\"96\" title=\"WhatsAppButtonGreenLarge\" loading=\"lazy\" src=\"https:\/\/centralchiropracticclinic.es\/wp-content\/uploads\/2023\/06\/WhatsAppButtonGreenLarge.png\" data-width=\"261\" style=\"aspect-ratio: auto 414 \/ 96;\" data-link-wrap=\"true\"><\/a><\/span><\/p>\n<p style=\"text-align: center;\">o rellena el siguiente formulario para ponerte en contacto con nosotros. Responderemos a tu consulta lo antes posible<\/p>\n<p>NombreTel\u00e9fono<span id=\"1695303074214-1\" data-dashlanecreated=\"true\" style=\"color: initial; font: initial; font-palette: initial; font-synthesis: initial; forced-color-adjust: initial; text-orientation: initial; text-rendering: initial; -webkit-font-smoothing: initial; -webkit-locale: initial; -webkit-text-orientation: initial; -webkit-writing-mode: initial; writing-mode: initial; zoom: initial; accent-color: initial; place-content: initial; place-items: initial; place-self: initial; alignment-baseline: initial; animation-composition: initial; animation: initial; app-region: initial; appearance: initial; aspect-ratio: initial; backdrop-filter: initial; backface-visibility: initial; background: url(&quot;chrome-extension:\/\/fdjamakpfbbddfjaooikfcpapjohcfmg\/content\/injected\/logo-autofill-known.svg&quot;) center center \/ contain no-repeat; background-blend-mode: initial; baseline-shift: initial; baseline-source: initial; block-size: initial; border-block: initial; border: none; border-radius: initial; border-collapse: initial; border-end-end-radius: initial; border-end-start-radius: initial; border-inline: initial; border-start-end-radius: initial; border-start-start-radius: initial; bottom: initial; box-shadow: initial; box-sizing: initial; break-after: initial; break-before: initial; break-inside: initial; buffered-rendering: initial; caption-side: initial; caret-color: initial; clear: initial; clip: initial; clip-path: initial; clip-rule: initial; color-interpolation: initial; color-interpolation-filters: initial; color-rendering: initial; color-scheme: initial; columns: initial; column-fill: initial; gap: initial; column-rule: initial; column-span: initial; contain: initial; contain-intrinsic-block-size: initial; contain-intrinsic-size: initial; contain-intrinsic-inline-size: initial; container: initial; content: initial; content-visibility: initial; counter-increment: initial; counter-reset: initial; counter-set: initial; cursor: pointer; cx: initial; cy: initial; d: initial; display: inline; dominant-baseline: initial; empty-cells: initial; fill: initial; fill-opacity: initial; fill-rule: initial; filter: initial; flex: initial; flex-flow: initial; float: initial; flood-color: initial; flood-opacity: initial; grid: initial; grid-area: initial; height: 16px; hyphenate-character: initial; hyphenate-limit-chars: initial; hyphens: initial; image-orientation: initial; image-rendering: initial; initial-letter: initial; inline-size: initial; inset-block: initial; inset-inline: initial; isolation: initial; left: 301px; letter-spacing: initial; lighting-color: initial; line-break: initial; list-style: initial; margin-block: initial; margin: initial; margin-inline: initial; marker: initial; mask: initial; mask-type: initial; math-depth: initial; math-shift: initial; math-style: initial; max-block-size: initial; max-height: initial; max-inline-size: initial; max-width: initial; min-block-size: initial; min-height: initial; min-inline-size: initial; min-width: 16px; mix-blend-mode: initial; object-fit: initial; object-position: initial; object-view-box: initial; offset: initial; opacity: 1; order: initial; orphans: initial; outline: initial; outline-offset: initial; overflow-anchor: initial; overflow-clip-margin: initial; overflow-wrap: initial; overflow: initial; overscroll-behavior-block: initial; overscroll-behavior-inline: initial; overscroll-behavior: initial; padding-block: initial; padding: initial; padding-inline: initial; page: initial; page-orientation: initial; paint-order: initial; perspective: initial; perspective-origin: initial; pointer-events: initial; position: absolute; quotes: initial; r: initial; resize: initial; right: initial; rotate: initial; ruby-position: initial; rx: initial; ry: initial; scale: initial; scroll-behavior: initial; scroll-margin-block: initial; scroll-margin: initial; scroll-margin-inline: initial; scroll-padding-block: initial; scroll-padding: initial; scroll-padding-inline: initial; scroll-snap-align: initial; scroll-snap-stop: initial; scroll-snap-type: initial; scroll-timeline: initial; scrollbar-gutter: initial; shape-image-threshold: initial; shape-margin: initial; shape-outside: initial; shape-rendering: initial; size: initial; speak: initial; stop-color: initial; stop-opacity: initial; stroke: initial; stroke-dasharray: initial; stroke-dashoffset: initial; stroke-linecap: initial; stroke-linejoin: initial; stroke-miterlimit: initial; stroke-opacity: initial; stroke-width: initial; tab-size: initial; table-layout: initial; text-align: initial; text-align-last: initial; text-anchor: initial; text-combine-upright: initial; text-decoration: initial; text-decoration-skip-ink: initial; text-emphasis: initial; text-emphasis-position: initial; text-indent: initial; text-overflow: initial; text-shadow: initial; text-size-adjust: initial; text-transform: initial; text-underline-offset: initial; text-underline-position: initial; white-space: initial; timeline-scope: initial; top: 14.5px; touch-action: initial; transform: initial; transform-box: initial; transform-origin: initial; transform-style: initial; transition: initial; translate: initial; user-select: initial; vector-effect: initial; vertical-align: initial; view-timeline: initial; view-timeline-inset: initial; view-transition-name: initial; visibility: visible; border-spacing: initial; -webkit-box-align: initial; -webkit-box-decoration-break: initial; -webkit-box-direction: initial; -webkit-box-flex: initial; -webkit-box-ordinal-group: initial; -webkit-box-orient: initial; -webkit-box-pack: initial; -webkit-box-reflect: initial; -webkit-highlight: initial; -webkit-line-break: initial; -webkit-line-clamp: initial; -webkit-mask-box-image: initial; -webkit-mask: initial; -webkit-mask-composite: initial; -webkit-print-color-adjust: initial; -webkit-rtl-ordering: initial; -webkit-ruby-position: initial; -webkit-tap-highlight-color: initial; -webkit-text-combine: initial; -webkit-text-decorations-in-effect: initial; -webkit-text-fill-color: initial; -webkit-text-security: initial; -webkit-text-stroke: initial; -webkit-user-drag: initial; -webkit-user-modify: initial; widows: initial; width: 16px; will-change: initial; word-break: initial; word-spacing: initial; x: initial; y: initial; z-index: auto;\"><\/span>EmailMensajeENVIAR<\/p>\n","protected":false},"excerpt":{"rendered":"<p>Cl\u00ednica Quiropr\u00e1ctica en Estepona Bienvenido a nuestra cl\u00ednica quiropr\u00e1ctica en Estepona, donde nos dedicamos a brindar una atenci\u00f3n excepcional y promover una salud y un bienestar \u00f3ptimos. Ubicada en el coraz\u00f3n de este hermosa ciudad costera, nuestra cl\u00ednica ofrece un ambiente acogedor y sereno para nuestros pacientes. \u00bfQu\u00e9 es la Quiropr\u00e1ctica? La quiropr\u00e1ctica es una [&hellip;]<\/p>\n","protected":false},"author":2,"featured_media":0,"parent":0,"menu_order":0,"comment_status":"closed","ping_status":"closed","template":"","meta":{"footnotes":""},"class_list":["post-444","page","type-page","status-publish","hentry","post-wrapper","thrv_wrapper"],"_links":{"self":[{"href":"https:\/\/centralchiropracticclinic.es\/es\/wp-json\/wp\/v2\/pages\/444","targetHints":{"allow":["GET"]}}],"collection":[{"href":"https:\/\/centralchiropracticclinic.es\/es\/wp-json\/wp\/v2\/pages"}],"about":[{"href":"https:\/\/centralchiropracticclinic.es\/es\/wp-json\/wp\/v2\/types\/page"}],"author":[{"embeddable":true,"href":"https:\/\/centralchiropracticclinic.es\/es\/wp-json\/wp\/v2\/users\/2"}],"replies":[{"embeddable":true,"href":"https:\/\/centralchiropracticclinic.es\/es\/wp-json\/wp\/v2\/comments?post=444"}],"version-history":[{"count":58,"href":"https:\/\/centralchiropracticclinic.es\/es\/wp-json\/wp\/v2\/pages\/444\/revisions"}],"predecessor-version":[{"id":803,"href":"https:\/\/centralchiropracticclinic.es\/es\/wp-json\/wp\/v2\/pages\/444\/revisions\/803"}],"wp:attachment":[{"href":"https:\/\/centralchiropracticclinic.es\/es\/wp-json\/wp\/v2\/media?parent=444"}],"curies":[{"name":"wp","href":"https:\/\/api.w.org\/{rel}","templated":true}]}}